{"id":33470,"date":"2022-05-20T10:40:53","date_gmt":"2022-05-20T10:40:53","guid":{"rendered":"http:\/\/quaquarinifrancesco.com\/vigneti\/"},"modified":"2022-05-20T10:40:53","modified_gmt":"2022-05-20T10:40:53","slug":"vigneti","status":"publish","type":"page","link":"https:\/\/quaquarinifrancesco.com\/zh-hans\/vigneti\/","title":{"rendered":"Vigneti"},"content":{"rendered":"<div class=\"wpb-content-wrapper\"><p>[vc_section full_width=&#8221;stretch_row_content&#8221;][vc_row full_width=&#8221;stretch_row_content_no_spaces&#8221;][vc_column][vc_single_image image=&#8221;31785&#8243; img_size=&#8221;full&#8221; alignment=&#8221;center&#8221;][\/vc_column][\/vc_row][\/vc_section][vc_section][vc_row][vc_column]<div class=\"title-wrapper  basel-title-color-default basel-title-style-default basel-title-size-default text-center \"><div class=\"liner-continer\"> <span class=\"left-line\"><\/span> <h1 class=\"title\" >Vigneti<span class=\"title-separator\"><span><\/span><\/span><\/h1> <span class=\"right-line\"><\/span> <\/div><\/div>[\/vc_column][\/vc_row][vc_row][vc_column width=&#8221;2\/3&#8243;][vc_column_text]<\/p>\n<p style=\"text-align: left;\">Oggi l\u2019azienda si estende su 50 ettari vitati, posti nella prima fascia collinare ad un altitudine tra 200 e 300 metri s.l.m.<\/p>\n<p style=\"text-align: left;\">Si chiama anche \u201cfascia della vite\u201d. Una zona tra le pi\u00f9 vocate per la produzione di vino.<\/p>\n<p style=\"text-align: left;\">I vigneti Quaquarini si trovano lungo il 45\u00b0 parallelo, la latitudine del vino, quella di Bordeaux e dell\u2019Oregon, un luogo ideale per far crescere l\u2019uva che gode cos\u00ec di un microclima congeniale, prima zona in Italia per la produzione di Pinot Nero utilizzato come base degli spumanti.<\/p>\n<p style=\"text-align: left;\">I terreni coltivati sono di varia struttura: quelli sabbiosi con forte pendenza ed esposizione a ovest garantiscono la produzione di rossi giovani, profumati e corposi come il Sangue di Giuda; i terreni di formazione calcarea e argillosa, esposti a sud-ovest, invece, garantiscono la produzione di vini strutturati, di forte personalit\u00e0 e tempi di invecchiamento prolungati come il Buttafuoco di Vigna Pregana.<br \/>\nPoggio Anna, Pregana, Guasca, Acqua calda e Montarzolo sono alcune delle vigne Quaquarini.<\/p>\n<p>[\/vc_column_text][\/vc_column][vc_column width=&#8221;1\/3&#8243;][vc_single_image image=&#8221;31789&#8243; img_size=&#8221;full&#8221; alignment=&#8221;center&#8221;][\/vc_column][\/vc_row][vc_row][vc_column][vc_empty_space]<div class=\"title-wrapper  basel-title-color-default basel-title-style-default basel-title-size-default text-center \"><div class=\"liner-continer\"> <span class=\"left-line\"><\/span> <h2 class=\"title\" >Tutte le nostre vigne<span class=\"title-separator\"><span><\/span><\/span><\/h2> <span class=\"right-line\"><\/span> <\/div><\/div>[vc_empty_space][\/vc_column][\/vc_row][vc_row content_placement=&#8221;middle&#8221; row_reverse_mobile=&#8221;1&#8243; el_class=&#8221;vigna&#8221;][vc_column width=&#8221;1\/3&#8243;][vc_single_image image=&#8221;31800&#8243; img_size=&#8221;full&#8221; alignment=&#8221;center&#8221;][\/vc_column][vc_column width=&#8221;2\/3&#8243;]<div class=\"title-wrapper  basel-title-color-alt basel-title-style-default basel-title-size-small text-left  highlighted\"><div class=\"liner-continer\"> <span class=\"left-line\"><\/span> <h3 class=\"title\" >Vigna Pregana \u2013 L\u2019albero dei sospiri<span class=\"title-separator\"><span><\/span><\/span><\/h3> <span class=\"right-line\"><\/span> <\/div><\/div>[vc_column_text]Leggenda o realt\u00e0? Il grande olmo \u00e8 posto sulla sommit\u00e0 della collina della \u201cPregana\u201d, da cui si gode una vista mozzafiato. Un tempo era chiamato l\u2019albero dei sospiri, perch\u00e9 era il luogo d\u2019incontro di tutti gli innamorati. I vecchi del paese raccontano che due ragazzi si ritrovavano l\u00ec ogni domenica, nonostante le loro famiglie contrastassero il loro amore. Decisero cos\u00ec di farla finita e, in un bellissimo giorno di primavera, s\u2019impiccarono al maestoso albero. I rami dell\u2019olmo improvvisamente si seccarono ma tutti gli anni rifiorivano quel giorno, per un solo giorno\u2026<\/p>\n<p>La Vigna Pregana regala un vino di forte carattere, di colore rosso rubino con riflessi violacei, un grande classico della tradizione enologica lombarda ma che solo sette comuni hanno il privilegio di produrre, su una superfice collinare ristretta e caratterizzata da un clima perfetto per la produzione di grandi vini. Qui nasce il <a href=\"http:\/\/quaquarinifrancesco.com\/product\/buttafuoco-vigna-pregana-doc-bio\/\">Buttafuoco Storico<\/a>: un vino strutturato e longevo ottenuto dalla fermentazione con macerazione congiunta di uve Croatina, Barbera e Ughetta di Canneto. Affinato in botti di legno da 25 hl per 12 mesi e poi messo in bottiglia. Solo dopo 36 mesi dalla vendemmia il Buttafuoco Storico pu\u00f2 essere commercializzato con il marchio del \u201cveliero\u201d, garanzia di autenticit\u00e0.[\/vc_column_text][vc_btn title=&#8221;Disciplinare del Buttafuoco Storico&#8221; style=&#8221;custom&#8221; custom_background=&#8221;#666666&#8243; custom_text=&#8221;#ffffff&#8221; shape=&#8221;square&#8221; align=&#8221;left&#8221; i_align=&#8221;right&#8221; i_icon_fontawesome=&#8221;far fa-file-pdf&#8221; add_icon=&#8221;true&#8221; link=&#8221;url:http%3A%2F%2Fquaquarinifrancesco.com%2Fwp-content%2Fuploads%2F2022%2F04%2Fregolamento-club.pdf&#8221; el_class=&#8221;center-mobile&#8221;][\/vc_column][\/vc_row][vc_row][vc_column][vc_empty_space][\/vc_column][\/vc_row][vc_row content_placement=&#8221;middle&#8221; el_class=&#8221;vigna&#8221;][vc_column width=&#8221;2\/3&#8243;]<div class=\"title-wrapper  basel-title-color-default basel-title-style-default basel-title-size-small text-left  highlighted\"><div class=\"liner-continer\"> <span class=\"left-line\"><\/span> <h3 class=\"title\" >Vigna Poggio Anna \u2013 Il Soprano scaligero<span class=\"title-separator\"><span><\/span><\/span><\/h3> <span class=\"right-line\"><\/span> <\/div><\/div>[vc_column_text]In passato residenza di campagna di un soprano scaligero, la propriet\u00e0 Poggio Anna si trova sulla collina di Monteveneroso. Il vigneto, che si estende intorno a questa piccola costruzione, \u00e8 sempre baciato dal sole. Il terreno, in certi punti argilloso ma per lo pi\u00f9 calcareo, permette di produrre un vino rosso, caldo, armonioso, austero: il <a href=\"http:\/\/quaquarinifrancesco.com\/product\/barbera-poggio-anna-bio\/\">Barbera Vigna Poggio Anna<\/a>.[\/vc_column_text][\/vc_column][vc_column width=&#8221;1\/3&#8243;][vc_single_image image=&#8221;31801&#8243; img_size=&#8221;full&#8221; alignment=&#8221;center&#8221;][\/vc_column][\/vc_row][vc_row][vc_column][vc_empty_space][\/vc_column][\/vc_row][vc_row content_placement=&#8221;middle&#8221; row_reverse_mobile=&#8221;1&#8243; el_class=&#8221;vigna&#8221;][vc_column width=&#8221;1\/3&#8243;][vc_single_image image=&#8221;31740&#8243; img_size=&#8221;full&#8221; alignment=&#8221;center&#8221;][\/vc_column][vc_column width=&#8221;2\/3&#8243;]<div class=\"title-wrapper  basel-title-color-default basel-title-style-default basel-title-size-small text-left  highlighted\"><div class=\"liner-continer\"> <span class=\"left-line\"><\/span> <h3 class=\"title\" >Vigna La Guasca<span class=\"title-separator\"><span><\/span><\/span><\/h3> <span class=\"right-line\"><\/span> <\/div><\/div>[vc_column_text]L\u2019antica Rocca di Stradella, posta nel punto pi\u00f9 a nord dell\u2019Appenino Ligure, domina il vigneto e sembra conferirgli forza e austerit\u00e0.<\/p>\n<p>Il suo terreno scosceso, esposto a sud e di natura argillosa regala uve per la produzione del <a href=\"http:\/\/quaquarinifrancesco.com\/product\/buttafuoco-la-guasca-doc-bio\/\">Buttafuoco Vigna La Guasca<\/a>, un vino dalla personalit\u00e0 forte e unica.[\/vc_column_text][\/vc_column][\/vc_row][vc_row][vc_column][vc_empty_space][\/vc_column][\/vc_row][vc_row content_placement=&#8221;middle&#8221; el_class=&#8221;vigna&#8221;][vc_column width=&#8221;2\/3&#8243;]<div class=\"title-wrapper  basel-title-color-default basel-title-style-default basel-title-size-small text-left  highlighted\"><div class=\"liner-continer\"> <span class=\"left-line\"><\/span> <h3 class=\"title\" >Vigna Acqua Calda<span class=\"title-separator\"><span><\/span><\/span><\/h3> <span class=\"right-line\"><\/span> <\/div><\/div>[vc_column_text]Antiche sorgenti di acqua calda danno il nome a questo vigneto che da sempre \u00e8 luogo ideale per la produzione del Sangue di Giuda.<\/p>\n<p>Il terreno, a tessitura sabbiosa, in forte pendenza ad ovest, \u00e8 esposto al sole nelle ore pi\u00f9 calde. Il vino ottenuto \u00e8 un rosso dolce, vivace e brioso: il <a href=\"http:\/\/quaquarinifrancesco.com\/product\/sangue-di-giuda-vigna-acqua-calda-doc-bio\/\">Sangue di Giuda Vigna Acqua Calda<\/a>.[\/vc_column_text][\/vc_column][vc_column width=&#8221;1\/3&#8243;][vc_single_image image=&#8221;31807&#8243; img_size=&#8221;full&#8221; alignment=&#8221;center&#8221;][\/vc_column][\/vc_row][vc_row][vc_column][vc_empty_space][\/vc_column][\/vc_row][vc_row content_placement=&#8221;middle&#8221; row_reverse_mobile=&#8221;1&#8243; el_class=&#8221;vigna&#8221;][vc_column width=&#8221;1\/3&#8243;][vc_single_image image=&#8221;31809&#8243; img_size=&#8221;full&#8221; alignment=&#8221;center&#8221;][\/vc_column][vc_column width=&#8221;2\/3&#8243;]<div class=\"title-wrapper  basel-title-color-default basel-title-style-default basel-title-size-small text-left  highlighted\"><div class=\"liner-continer\"> <span class=\"left-line\"><\/span> <h3 class=\"title\" >Vigna Montarzolo<span class=\"title-separator\"><span><\/span><\/span><\/h3> <span class=\"right-line\"><\/span> <\/div><\/div>[vc_column_text]Il vigneto Montarzolo ha composizione arenaria.<\/p>\n<p>Un tempo era una cava, da cui vennero estratte parte delle pietre usate per la costruzione della Basilica di San Michele di Pavia.<\/p>\n<p>\u00c8 da questo vigneto che l\u2019azienda raccoglie le uve per la produzione del <a href=\"http:\/\/quaquarinifrancesco.com\/product\/buttafuoco-doc-bio\/\">Buttafuoco dell\u2019Oltrep\u00f2 Pavese<\/a>.[\/vc_column_text][\/vc_column][\/vc_row][vc_row][vc_column][vc_empty_space][\/vc_column][\/vc_row][\/vc_section]<\/p>\n<\/div>","protected":false},"excerpt":{"rendered":"<p>[vc_section full_wid<\/p>\n","protected":false},"author":1,"featured_media":0,"parent":0,"menu_order":0,"comment_status":"closed","ping_status":"closed","template":"","meta":{"footnotes":""},"class_list":["post-33470","page","type-page","status-publish","hentry"],"jetpack_sharing_enabled":true,"_links":{"self":[{"href":"https:\/\/quaquarinifrancesco.com\/zh-hans\/wp-json\/wp\/v2\/pages\/33470","targetHints":{"allow":["GET"]}}],"collection":[{"href":"https:\/\/quaquarinifrancesco.com\/zh-hans\/wp-json\/wp\/v2\/pages"}],"about":[{"href":"https:\/\/quaquarinifrancesco.com\/zh-hans\/wp-json\/wp\/v2\/types\/page"}],"author":[{"embeddable":true,"href":"https:\/\/quaquarinifrancesco.com\/zh-hans\/wp-json\/wp\/v2\/users\/1"}],"replies":[{"embeddable":true,"href":"https:\/\/quaquarinifrancesco.com\/zh-hans\/wp-json\/wp\/v2\/comments?post=33470"}],"version-history":[{"count":1,"href":"https:\/\/quaquarinifrancesco.com\/zh-hans\/wp-json\/wp\/v2\/pages\/33470\/revisions"}],"predecessor-version":[{"id":33471,"href":"https:\/\/quaquarinifrancesco.com\/zh-hans\/wp-json\/wp\/v2\/pages\/33470\/revisions\/33471"}],"wp:attachment":[{"href":"https:\/\/quaquarinifrancesco.com\/zh-hans\/wp-json\/wp\/v2\/media?parent=33470"}],"curies":[{"name":"wp","href":"https:\/\/api.w.org\/{rel}","templated":true}]}}